{"id":541,"date":"2018-11-27T09:17:08","date_gmt":"2018-11-27T09:17:08","guid":{"rendered":"http:\/\/thetaeng.local\/about\/"},"modified":"2024-05-03T17:44:04","modified_gmt":"2024-05-03T17:44:04","slug":"about","status":"publish","type":"page","link":"https:\/\/thetaeng.rs\/en\/about\/","title":{"rendered":"O NAMA"},"content":{"rendered":"<div data-elementor-type=\"wp-post\" data-elementor-id=\"541\" class=\"elementor elementor-541\">\n\t\t\t\t\t\t\t\t\t<section class=\"elementor-section elementor-top-section elementor-element elementor-element-d7d8b56 elementor-section-boxed elementor-section-height-default elementor-section-height-default\" data-id=\"d7d8b56\" data-element_type=\"section\" data-settings=\"{&quot;background_background&quot;:&quot;classic&quot;}\">\n\t\t\t\t\t\t\t<div class=\"elementor-background-overlay\"><\/div>\n\t\t\t\t\t\t\t<div class=\"elementor-container elementor-column-gap-default\">\n\t\t\t\t\t<div class=\"elementor-column elementor-col-100 elementor-top-column elementor-element elementor-element-fd69444\" data-id=\"fd69444\" data-element_type=\"column\">\n\t\t\t<div class=\"elementor-widget-wrap elementor-element-populated\">\n\t\t\t\t\t\t\t\t<div class=\"elementor-element elementor-element-abcc2f2 elementor-widget elementor-widget-heading\" data-id=\"abcc2f2\" data-element_type=\"widget\" data-widget_type=\"heading.default\">\n\t\t\t\t<div class=\"elementor-widget-container\">\n\t\t\t<style>\/*! elementor - v3.15.0 - 20-08-2023 *\/\n.elementor-heading-title{padding:0;margin:0;line-height:1}.elementor-widget-heading .elementor-heading-title[class*=elementor-size-]>a{color:inherit;font-size:inherit;line-height:inherit}.elementor-widget-heading .elementor-heading-title.elementor-size-small{font-size:15px}.elementor-widget-heading .elementor-heading-title.elementor-size-medium{font-size:19px}.elementor-widget-heading .elementor-heading-title.elementor-size-large{font-size:29px}.elementor-widget-heading .elementor-heading-title.elementor-size-xl{font-size:39px}.elementor-widget-heading .elementor-heading-title.elementor-size-xxl{font-size:59px}<\/style><h1 class=\"elementor-heading-title elementor-size-default\">Ko smo mi?<\/h1>\t\t<\/div>\n\t\t\t\t<\/div>\n\t\t\t\t\t<\/div>\n\t\t<\/div>\n\t\t\t\t\t\t\t<\/div>\n\t\t<\/section>\n\t\t\t\t<section class=\"elementor-section elementor-top-section elementor-element elementor-element-5c40d7b elementor-section-boxed elementor-section-height-default elementor-section-height-default\" data-id=\"5c40d7b\" data-element_type=\"section\">\n\t\t\t\t\t\t<div class=\"elementor-container elementor-column-gap-default\">\n\t\t\t\t\t<div class=\"elementor-column elementor-col-100 elementor-top-column elementor-element elementor-element-e5fdae0\" data-id=\"e5fdae0\" data-element_type=\"column\">\n\t\t\t<div class=\"elementor-widget-wrap elementor-element-populated\">\n\t\t\t\t\t\t\t\t<div class=\"elementor-element elementor-element-13643bf elementor-widget__width-initial elementor-widget elementor-widget-text-editor\" data-id=\"13643bf\" data-element_type=\"widget\" data-widget_type=\"text-editor.default\">\n\t\t\t\t<div class=\"elementor-widget-container\">\n\t\t\t<style>\/*! elementor - v3.15.0 - 20-08-2023 *\/\n.elementor-widget-text-editor.elementor-drop-cap-view-stacked .elementor-drop-cap{background-color:#69727d;color:#fff}.elementor-widget-text-editor.elementor-drop-cap-view-framed .elementor-drop-cap{color:#69727d;border:3px solid;background-color:transparent}.elementor-widget-text-editor:not(.elementor-drop-cap-view-default) .elementor-drop-cap{margin-top:8px}.elementor-widget-text-editor:not(.elementor-drop-cap-view-default) .elementor-drop-cap-letter{width:1em;height:1em}.elementor-widget-text-editor .elementor-drop-cap{float:left;text-align:center;line-height:1;font-size:50px}.elementor-widget-text-editor .elementor-drop-cap-letter{display:inline-block}<\/style>\t\t\t\t<p><b>Kompanija &#8222;THETA Engineering&#8220; uspe\u0161no posluje od 2021. godine.<\/b><\/p>\n<p><b>&#8222;THETA Engineering&#8220; svojim klijentima nudi izvo\u0111enje gra\u0111evinskih radova po sistemu klju\u010d u ruke, projektovanje svih gra\u0111evinskih objekata kao i stru\u010dni nadzor na najzahtevnijim projektima.<\/b><\/p>\n<p><b>Sa svojim stru\u010dnim timom mo\u017ee da odgovori na najslo\u017eenije in\u017eenjerske zadatke.&nbsp;<\/b><\/p>\n<p><b>Tako\u0111e, &#8222;THETA Engineering&#8220; je partner kompanija sa nema\u010dkom kompanijom &#8222;STM Suddeutsche Teerindustrie GmbH &amp; Co.&#8220; i kao distributer za Republiku Srbiju nudi proizvode za putnu industriju, kao \u0161to su bitumenske trake, gotove asfaltne me\u0161avine za krpljenje udarnih rupa po hladnom postupku, fugizol za zalivanje pukotina po vru\u0107em i hladnom postupku, nano\u0161enje bitumenske emulzije na podlogu kao pripremu za asfaltiranje ali i povr\u0161insku obradu asfaltnih, makadamskih i tucani\u010dkih kolovoza.<\/b><\/p>\n<p><b>Kompanija ostvaruje saradnju i sa Udru\u017eenjem za me\u0111usobnu podr\u0161ku i unapre\u0111enje dru\u0161tvenog i stru\u010dnog polo\u017eaja in\u017eenjera &#8211; &#8222;Mre\u017ea In\u017eenjera&#8220;.<\/b><\/p>\t\t\t\t\t\t<\/div>\n\t\t\t\t<\/div>\n\t\t\t\t\t<\/div>\n\t\t<\/div>\n\t\t\t\t\t\t\t<\/div>\n\t\t<\/section>\n\t\t\t\t<section class=\"elementor-section elementor-top-section elementor-element elementor-element-05bb71d elementor-section-boxed elementor-section-height-default elementor-section-height-default\" data-id=\"05bb71d\" data-element_type=\"section\">\n\t\t\t\t\t\t<div class=\"elementor-container elementor-column-gap-default\">\n\t\t\t\t\t<div class=\"elementor-column elementor-col-100 elementor-top-column elementor-element elementor-element-f385b8c\" data-id=\"f385b8c\" data-element_type=\"column\">\n\t\t\t<div class=\"elementor-widget-wrap\">\n\t\t\t\t\t\t\t\t\t<\/div>\n\t\t<\/div>\n\t\t\t\t\t\t\t<\/div>\n\t\t<\/section>\n\t\t\t\t\t\t\t<\/div>","protected":false},"excerpt":{"rendered":"<p>Ko smo mi? Kompanija &#8222;THETA Engineering&#8220; uspe\u0161no posluje od 2021. godine. &#8222;THETA Engineering&#8220; svojim klijentima nudi izvo\u0111enje gra\u0111evinskih radova po sistemu klju\u010d u ruke, projektovanje svih gra\u0111evinskih objekata kao i stru\u010dni nadzor na najzahtevnijim projektima. Sa svojim stru\u010dnim timom mo\u017ee da odgovori na najslo\u017eenije in\u017eenjerske zadatke.&nbsp; Tako\u0111e, &#8222;THETA Engineering&#8220; je partner kompanija sa nema\u010dkom kompanijom &hellip;<\/p>\n<p class=\"read-more\"> <a class=\"\" href=\"https:\/\/thetaeng.rs\/en\/about\/\"> <span class=\"screen-reader-text\">O NAMA<\/span> Read More &raquo;<\/a><\/p>","protected":false},"author":1,"featured_media":0,"parent":0,"menu_order":0,"comment_status":"closed","ping_status":"closed","template":"","meta":{"site-sidebar-layout":"no-sidebar","site-content-layout":"page-builder","ast-site-content-layout":"full-width-container","site-content-style":"unboxed","site-sidebar-style":"unboxed","ast-global-header-display":"","ast-banner-title-visibility":"","ast-main-header-display":"","ast-hfb-above-header-display":"","ast-hfb-below-header-display":"","ast-hfb-mobile-header-display":"","site-post-title":"disabled","ast-breadcrumbs-content":"","ast-featured-img":"disabled","footer-sml-layout":"","theme-transparent-header-meta":"enabled","adv-header-id-meta":"","stick-header-meta":"","header-above-stick-meta":"","header-main-stick-meta":"","header-below-stick-meta":"","astra-migrate-meta-layouts":"set","footnotes":""},"class_list":["post-541","page","type-page","status-publish","hentry"],"_links":{"self":[{"href":"https:\/\/thetaeng.rs\/en\/wp-json\/wp\/v2\/pages\/541","targetHints":{"allow":["GET"]}}],"collection":[{"href":"https:\/\/thetaeng.rs\/en\/wp-json\/wp\/v2\/pages"}],"about":[{"href":"https:\/\/thetaeng.rs\/en\/wp-json\/wp\/v2\/types\/page"}],"author":[{"embeddable":true,"href":"https:\/\/thetaeng.rs\/en\/wp-json\/wp\/v2\/users\/1"}],"replies":[{"embeddable":true,"href":"https:\/\/thetaeng.rs\/en\/wp-json\/wp\/v2\/comments?post=541"}],"version-history":[{"count":14,"href":"https:\/\/thetaeng.rs\/en\/wp-json\/wp\/v2\/pages\/541\/revisions"}],"predecessor-version":[{"id":725,"href":"https:\/\/thetaeng.rs\/en\/wp-json\/wp\/v2\/pages\/541\/revisions\/725"}],"wp:attachment":[{"href":"https:\/\/thetaeng.rs\/en\/wp-json\/wp\/v2\/media?parent=541"}],"curies":[{"name":"wp","href":"https:\/\/api.w.org\/{rel}","templated":true}]}}